{"id":10,"date":"2023-09-06T16:18:24","date_gmt":"2023-09-06T13:18:24","guid":{"rendered":"http:\/\/192.168.1.131\/akdassilah\/?page_id=10"},"modified":"2023-09-19T19:19:24","modified_gmt":"2023-09-19T16:19:24","slug":"tarihce","status":"publish","type":"page","link":"https:\/\/www.akdassilah.com\/tr\/kurumsal\/tarihce\/","title":{"rendered":"Tarih\u00e7e"},"content":{"rendered":"<p><strong>Tarih\u00e7e<\/strong><\/p>\n<p>AKDA\u015e\u2019 \u0131n kurucusu olan Hu\u011flu\u2019 lu \u201c\u00d6mer AKDA\u015e\u201d, d\u00f6neminin ustalar\u0131ndan olma ve tek k\u0131rma av t\u00fcfeklerinin imalat\u0131 ve tamiri konusunda her t\u00fcrl\u00fc inceli\u011fi \u00f6\u011frenmi\u015f ve 1948 y\u0131l\u0131nda kendi t\u00fcfek at\u00f6lyesini a\u00e7m\u0131\u015ft\u0131r.<\/p>\n<p>Ustal\u0131\u011f\u0131 ile be\u011feni toplayan, \u00e7al\u0131\u015ft\u0131\u011f\u0131 d\u00f6nem i\u00e7erisinde T\u00fcrk Avc\u0131lar\u0131n\u0131n tan\u0131d\u0131\u011f\u0131 ve takdir etti\u011fi \u00d6mer AKDA\u015e, sekt\u00f6r\u00fcn kalitesinin y\u00fckselmesinde \u00f6nemli bir rol oynam\u0131\u015ft\u0131r. \u0130lk T\u00fcrk yap\u0131m\u0131 \u00e7iftenin \u00fcretimini ger\u00e7ekle\u015ftiren ekibin ba\u015f ustas\u0131d\u0131r. A\u011f\u0131r ad\u0131mlarla ilerleyen, k\u0131s\u0131tl\u0131 ve teknolojiden yoksun ko\u015fullarda geli\u015ftirilmeye \u00e7al\u0131\u015f\u0131lan t\u00fcfek\u00e7ilik sekt\u00f6r\u00fcne ve \u00f6zellikle de T\u00fcrkiye\u2019de yivsiz av t\u00fcfeklerinin belli bir noktaya gelmesine b\u00fcy\u00fck katk\u0131lar\u0131 olmu\u015ftur.<\/p>\n<p>1975 y\u0131l\u0131nda o\u011flu Sad\u0131k AKDA\u015e\u2019 \u0131n kat\u0131l\u0131m\u0131yla mevcut at\u00f6lye geni\u015fletilmi\u015f, 1986 y\u0131l\u0131nda o\u011flu Selim AKDA\u015e\u2019 \u0131n da kat\u0131l\u0131m\u0131 ile at\u00f6lyeden modern sanayi tipi seri \u00fcretime ge\u00e7ilmi\u015f ve makina parkuru b\u00fcy\u00fct\u00fclm\u00fc\u015ft\u00fcr. Bu potansiyelle birlikte av t\u00fcfe\u011fi d\u0131\u015f\u0131nda savunma sanayi ve tekstil gibi end\u00fcstrilere yedek par\u00e7a \u00fcretimi de yap\u0131lm\u0131\u015ft\u0131r. AKDA\u015e, g\u00fcn\u00fcm\u00fcze kadar d\u00fcnyaca \u00fcnl\u00fc av t\u00fcfe\u011fi \u00fcreticileri ile \u00e7al\u0131\u015fm\u0131\u015f ve uluslararas\u0131 arenada ne denli g\u00fcvenilir oldu\u011funu defalarca kan\u0131tlam\u0131\u015ft\u0131r.<\/p>\n<p>2018 y\u0131l\u0131nda, b\u00fcy\u00fck emekler vererek girdi\u011fi Savunma Sanayi alan\u0131nda k\u0131sa s\u00fcrede \u00f6nemli a\u015famalar kaydetmi\u015f; \u201cA\u011f\u0131rla\u015ft\u0131r\u0131lm\u0131\u015f Kalifikasyon Testleri\u201d ni ba\u015far\u0131yla ge\u00e7en \u201c40 mm T\u00fcfekalt\u0131 Bombaatar\u201d silah\u0131n\u0131 Mehmet\u00e7i\u011fin kullan\u0131m\u0131na sunabilmi\u015ftir.<\/p>\n<p>\u0130lerleyen s\u00fcre\u00e7lerde 9 mm makineli tabanca, 5.56 mm makinal\u0131 tabanca, de\u011fi\u015fik \u00e7ap ve \u00f6zellikte bombaatar ve gaz f\u0131rlat\u0131c\u0131lar\u0131 gibi \u00f6zg\u00fcn tasar\u0131m proje \u00e7al\u0131\u015fmalar\u0131yla \u00fcr\u00fcn gam\u0131n\u0131 geli\u015ftiren AKDA\u015e, emin ad\u0131mlarla ilerlemenin gurunu ya\u015famaktad\u0131r.<\/p>\n<p>Hem av\/at\u0131\u015f t\u00fcfekleri hem de savunma sanayi alan\u0131nda daha da ileri gitmek ad\u0131na 2021 y\u0131l\u0131 itibariyle Akda\u015f Outdoor ve Akda\u015f Silah olarak karde\u015f \u015firket yap\u0131s\u0131 benimsenmi\u015ftir.<\/p>\n<p>Akda\u015f Outdoor, ge\u00e7mi\u015ften gelen miras ve modern teknoloji harmanlay\u0131p T\u00fcrk avc\u0131s\u0131n\u0131\/at\u0131c\u0131s\u0131n\u0131 kaliteyle, Yabanc\u0131 avc\u0131lar\u0131\/at\u0131c\u0131lar\u0131 da T\u00fcrk mal\u0131 t\u00fcfeklerin kalitesiyle bulu\u015fturmak i\u00e7in s\u0131k\u0131 bir u\u011fra\u015f i\u00e7erisindedir.<\/p>\n<p>Akda\u015f Silah ise k\u0131sa s\u00fcrede b\u00fcy\u00fck yol kat edilen savunma sanayi alan\u0131nda yepyeni yerli ve milli \u00fcr\u00fcnler geli\u015ftirmekte gerek Milli Savunma Bakanl\u0131\u011f\u0131 gerekse yabanc\u0131 m\u00fc\u015fterilerin be\u011fenisini kazanmaya devam etmektedir.<\/p>\n<p>Yar\u0131m as\u0131rdan fazla olan deneyimiyle AKDA\u015e ailesi olarak t\u00fcm bunlar\u0131n \u00fcstesinden geldi\u011fine hi\u00e7 \u015f\u00fcphe yoktur.<\/p>\n<p>&nbsp;<\/p>\n<p><strong>Akda\u015f Silah A.\u015e.<\/strong><\/p>\n","protected":false},"excerpt":{"rendered":"<p>Tarih\u00e7e AKDA\u015e\u2019 \u0131n kurucusu olan Hu\u011flu\u2019 lu \u201c\u00d6mer AKDA\u015e\u201d, d\u00f6neminin ustalar\u0131ndan olma ve tek k\u0131rma av t\u00fcfeklerinin imalat\u0131 ve tamiri konusunda her t\u00fcrl\u00fc inceli\u011fi \u00f6\u011frenmi\u015f ve 1948 y\u0131l\u0131nda kendi t\u00fcfek at\u00f6lyesini a\u00e7m\u0131\u015ft\u0131r. Ustal\u0131\u011f\u0131 ile be\u011feni toplayan, \u00e7al\u0131\u015ft\u0131\u011f\u0131 d\u00f6nem i\u00e7erisinde T\u00fcrk Avc\u0131lar\u0131n\u0131n tan\u0131d\u0131\u011f\u0131 ve takdir etti\u011fi \u00d6mer AKDA\u015e, sekt\u00f6r\u00fcn kalitesinin y\u00fckselmesinde \u00f6nemli bir rol oynam\u0131\u015ft\u0131r. \u0130lk [&hellip;]<\/p>\n","protected":false},"author":1,"featured_media":440,"parent":7,"menu_order":1,"comment_status":"closed","ping_status":"closed","template":"","meta":{"footnotes":""},"class_list":["post-10","page","type-page","status-publish","has-post-thumbnail","hentry"],"_links":{"self":[{"href":"https:\/\/www.akdassilah.com\/tr\/wp-json\/wp\/v2\/pages\/10","targetHints":{"allow":["GET"]}}],"collection":[{"href":"https:\/\/www.akdassilah.com\/tr\/wp-json\/wp\/v2\/pages"}],"about":[{"href":"https:\/\/www.akdassilah.com\/tr\/wp-json\/wp\/v2\/types\/page"}],"author":[{"embeddable":true,"href":"https:\/\/www.akdassilah.com\/tr\/wp-json\/wp\/v2\/users\/1"}],"replies":[{"embeddable":true,"href":"https:\/\/www.akdassilah.com\/tr\/wp-json\/wp\/v2\/comments?post=10"}],"version-history":[{"count":3,"href":"https:\/\/www.akdassilah.com\/tr\/wp-json\/wp\/v2\/pages\/10\/revisions"}],"predecessor-version":[{"id":136,"href":"https:\/\/www.akdassilah.com\/tr\/wp-json\/wp\/v2\/pages\/10\/revisions\/136"}],"up":[{"embeddable":true,"href":"https:\/\/www.akdassilah.com\/tr\/wp-json\/wp\/v2\/pages\/7"}],"wp:featuredmedia":[{"embeddable":true,"href":"https:\/\/www.akdassilah.com\/tr\/wp-json\/wp\/v2\/media\/440"}],"wp:attachment":[{"href":"https:\/\/www.akdassilah.com\/tr\/wp-json\/wp\/v2\/media?parent=10"}],"curies":[{"name":"wp","href":"https:\/\/api.w.org\/{rel}","templated":true}]}}