{"id":14,"date":"2023-09-06T16:19:03","date_gmt":"2023-09-06T13:19:03","guid":{"rendered":"http:\/\/192.168.1.131\/akdassilah\/?page_id=14"},"modified":"2023-09-11T18:23:44","modified_gmt":"2023-09-11T15:23:44","slug":"sirket-profili","status":"publish","type":"page","link":"https:\/\/www.akdassilah.com\/tr\/kurumsal\/sirket-profili\/","title":{"rendered":"\u015eirket Profili"},"content":{"rendered":"<p><iframe loading=\"lazy\" title=\"YouTube video player\" src=\"https:\/\/www.youtube.com\/embed\/BRJKSdOyGdQ?si=UpxtO74sCd4J0aLq\" width=\"100%\" height=\"615\" frameborder=\"0\" allowfullscreen=\"allowfullscreen\"><\/iframe><\/p>\n<p>Akda\u015f Ailesinin yar\u0131m asr\u0131 a\u015fk\u0131n ustal\u0131k birikimi ile bug\u00fcnlere gelmi\u015f olan Akda\u015f Silah, kalifiye100\u2019\u00fc a\u015fk\u0131n \u00e7al\u0131\u015fan\u0131 ile y\u00fcksek kalite ve g\u00fcvenilirlikten asla taviz vermeden yerli ve milli silahlar\u0131yla hem yurti\u00e7i pazar\u0131na y\u00f6nelik hem yurt d\u0131\u015f\u0131nda d\u00fcnyaca \u00fcnl\u00fc firmalara tedarik\u00e7i olarak \u00fcretimini s\u00fcrd\u00fcrmektedir.<\/p>\n<p>\u00d6zg\u00fcn tasar\u0131mlar\u0131yla gelenek ve teknolojiyi birle\u015ftirmeyi ama\u00e7 edinen Akda\u015f Silah, g\u00fcncel teknikleri takip etmekte ve son teknoloji \u00fcr\u00fcn\u00fc CNC makinalar ile ustalar\u0131n el becerilerini harmanlay\u0131p siz de\u011ferli m\u00fc\u015fterileri taraf\u0131ndan takdir edilen \u00fcr\u00fcnler sunmaktad\u0131r.<\/p>\n<p>Tamamen yerli ve milli imkanlarla \u00fcretilen NATO standartlar\u0131na sahip \u00fcr\u00fcnlerle T\u00fcrk Ordusunu donatman\u0131n hakl\u0131 gururunu ya\u015famaktad\u0131r.<\/p>\n","protected":false},"excerpt":{"rendered":"<p>Akda\u015f Ailesinin yar\u0131m asr\u0131 a\u015fk\u0131n ustal\u0131k birikimi ile bug\u00fcnlere gelmi\u015f olan Akda\u015f Silah, kalifiye100\u2019\u00fc a\u015fk\u0131n \u00e7al\u0131\u015fan\u0131 ile y\u00fcksek kalite ve g\u00fcvenilirlikten asla taviz vermeden yerli ve milli silahlar\u0131yla hem yurti\u00e7i pazar\u0131na y\u00f6nelik hem yurt d\u0131\u015f\u0131nda d\u00fcnyaca \u00fcnl\u00fc firmalara tedarik\u00e7i olarak \u00fcretimini s\u00fcrd\u00fcrmektedir. \u00d6zg\u00fcn tasar\u0131mlar\u0131yla gelenek ve teknolojiyi birle\u015ftirmeyi ama\u00e7 edinen Akda\u015f Silah, g\u00fcncel teknikleri takip [&hellip;]<\/p>\n","protected":false},"author":1,"featured_media":0,"parent":7,"menu_order":3,"comment_status":"closed","ping_status":"closed","template":"","meta":{"footnotes":""},"class_list":["post-14","page","type-page","status-publish","hentry"],"_links":{"self":[{"href":"https:\/\/www.akdassilah.com\/tr\/wp-json\/wp\/v2\/pages\/14","targetHints":{"allow":["GET"]}}],"collection":[{"href":"https:\/\/www.akdassilah.com\/tr\/wp-json\/wp\/v2\/pages"}],"about":[{"href":"https:\/\/www.akdassilah.com\/tr\/wp-json\/wp\/v2\/types\/page"}],"author":[{"embeddable":true,"href":"https:\/\/www.akdassilah.com\/tr\/wp-json\/wp\/v2\/users\/1"}],"replies":[{"embeddable":true,"href":"https:\/\/www.akdassilah.com\/tr\/wp-json\/wp\/v2\/comments?post=14"}],"version-history":[{"count":2,"href":"https:\/\/www.akdassilah.com\/tr\/wp-json\/wp\/v2\/pages\/14\/revisions"}],"predecessor-version":[{"id":139,"href":"https:\/\/www.akdassilah.com\/tr\/wp-json\/wp\/v2\/pages\/14\/revisions\/139"}],"up":[{"embeddable":true,"href":"https:\/\/www.akdassilah.com\/tr\/wp-json\/wp\/v2\/pages\/7"}],"wp:attachment":[{"href":"https:\/\/www.akdassilah.com\/tr\/wp-json\/wp\/v2\/media?parent=14"}],"curies":[{"name":"wp","href":"https:\/\/api.w.org\/{rel}","templated":true}]}}