{"id":16,"date":"2023-09-06T16:19:21","date_gmt":"2023-09-06T13:19:21","guid":{"rendered":"http:\/\/192.168.1.131\/akdassilah\/?page_id=16"},"modified":"2023-09-19T19:26:11","modified_gmt":"2023-09-19T16:26:11","slug":"arge-merkezi","status":"publish","type":"page","link":"https:\/\/www.akdassilah.com\/tr\/kurumsal\/arge-merkezi\/","title":{"rendered":"Arge Merkezi"},"content":{"rendered":"<p><img loading=\"lazy\" decoding=\"async\" class=\"alignnone wp-image-289 size-full\" style=\"width: 100%;\" src=\"http:\/\/192.168.1.131\/akdassilah\/wp-content\/uploads\/2023\/09\/arge-image.jpg\" alt=\"\" width=\"1536\" height=\"609\" srcset=\"https:\/\/www.akdassilah.com\/tr\/wp-content\/uploads\/2023\/09\/arge-image.jpg 1536w, https:\/\/www.akdassilah.com\/tr\/wp-content\/uploads\/2023\/09\/arge-image-300x119.jpg 300w, https:\/\/www.akdassilah.com\/tr\/wp-content\/uploads\/2023\/09\/arge-image-1024x406.jpg 1024w, https:\/\/www.akdassilah.com\/tr\/wp-content\/uploads\/2023\/09\/arge-image-768x305.jpg 768w\" sizes=\"auto, (max-width: 1536px) 100vw, 1536px\" \/><br \/>\nKuruldu\u011fu g\u00fcnden bu yana Ar-Ge \u00e7al\u0131\u015fmalar\u0131na ayr\u0131 bir \u00f6nem veren AKDA\u015e, sahip oldu\u011fu Onayl\u0131 Ar-Ge Merkezi ile ara\u015ft\u0131rma ve geli\u015ftirme \u00e7al\u0131\u015fmalar\u0131n\u0131 bir kapal\u0131 poligonu ve 1000 m2 kapal\u0131 alanda y\u00fcr\u00fctmektedir.<\/p>\n<p>Temel Ara\u015ft\u0131rma, Uygulamal\u0131 Ara\u015ft\u0131rma ve Deneysel Geli\u015ftirme faaliyetleriyle y\u00fcr\u00fct\u00fclen Ar-Ge \u00e7al\u0131\u015fmalar\u0131m\u0131z, yenilik\u00e7i ve \u00f6zg\u00fcn tasar\u0131mlar\u0131yla bir\u00e7ok tasar\u0131m tescil ve patent sahibi olmu\u015ftur.<\/p>\n<p>M\u00fchendisler, teknisyenler ve y\u0131llar\u0131n\u0131 bu mesle\u011fe adam\u0131\u015f silah ustalar\u0131ndan olu\u015fan AKDA\u015e Ar-Ge Merkezi; kullan\u0131c\u0131 memnuniyeti, \u00fcr\u00fcn takibi gibi hayata ge\u00e7irdi\u011fi geri bildirim prosesleriyle her bir silah\u0131n her bir modelinin nihai m\u00fc\u015fterilerini memnun etmeye y\u00f6nelik s\u0131k\u0131 bir \u00e7al\u0131\u015fma i\u00e7erisindedir.<\/p>\n","protected":false},"excerpt":{"rendered":"<p>Kuruldu\u011fu g\u00fcnden bu yana Ar-Ge \u00e7al\u0131\u015fmalar\u0131na ayr\u0131 bir \u00f6nem veren AKDA\u015e, sahip oldu\u011fu Onayl\u0131 Ar-Ge Merkezi ile ara\u015ft\u0131rma ve geli\u015ftirme \u00e7al\u0131\u015fmalar\u0131n\u0131 bir kapal\u0131 poligonu ve 1000 m2 kapal\u0131 alanda y\u00fcr\u00fctmektedir. Temel Ara\u015ft\u0131rma, Uygulamal\u0131 Ara\u015ft\u0131rma ve Deneysel Geli\u015ftirme faaliyetleriyle y\u00fcr\u00fct\u00fclen Ar-Ge \u00e7al\u0131\u015fmalar\u0131m\u0131z, yenilik\u00e7i ve \u00f6zg\u00fcn tasar\u0131mlar\u0131yla bir\u00e7ok tasar\u0131m tescil ve patent sahibi olmu\u015ftur. M\u00fchendisler, teknisyenler ve [&hellip;]<\/p>\n","protected":false},"author":1,"featured_media":442,"parent":7,"menu_order":4,"comment_status":"closed","ping_status":"closed","template":"","meta":{"footnotes":""},"class_list":["post-16","page","type-page","status-publish","has-post-thumbnail","hentry"],"_links":{"self":[{"href":"https:\/\/www.akdassilah.com\/tr\/wp-json\/wp\/v2\/pages\/16","targetHints":{"allow":["GET"]}}],"collection":[{"href":"https:\/\/www.akdassilah.com\/tr\/wp-json\/wp\/v2\/pages"}],"about":[{"href":"https:\/\/www.akdassilah.com\/tr\/wp-json\/wp\/v2\/types\/page"}],"author":[{"embeddable":true,"href":"https:\/\/www.akdassilah.com\/tr\/wp-json\/wp\/v2\/users\/1"}],"replies":[{"embeddable":true,"href":"https:\/\/www.akdassilah.com\/tr\/wp-json\/wp\/v2\/comments?post=16"}],"version-history":[{"count":7,"href":"https:\/\/www.akdassilah.com\/tr\/wp-json\/wp\/v2\/pages\/16\/revisions"}],"predecessor-version":[{"id":293,"href":"https:\/\/www.akdassilah.com\/tr\/wp-json\/wp\/v2\/pages\/16\/revisions\/293"}],"up":[{"embeddable":true,"href":"https:\/\/www.akdassilah.com\/tr\/wp-json\/wp\/v2\/pages\/7"}],"wp:featuredmedia":[{"embeddable":true,"href":"https:\/\/www.akdassilah.com\/tr\/wp-json\/wp\/v2\/media\/442"}],"wp:attachment":[{"href":"https:\/\/www.akdassilah.com\/tr\/wp-json\/wp\/v2\/media?parent=16"}],"curies":[{"name":"wp","href":"https:\/\/api.w.org\/{rel}","templated":true}]}}