{"id":22,"date":"2023-09-06T16:20:00","date_gmt":"2023-09-06T13:20:00","guid":{"rendered":"http:\/\/192.168.1.131\/akdassilah\/?page_id=22"},"modified":"2023-09-11T18:41:09","modified_gmt":"2023-09-11T15:41:09","slug":"misyon","status":"publish","type":"page","link":"https:\/\/www.akdassilah.com\/tr\/kurumsal\/misyon\/","title":{"rendered":"Misyon"},"content":{"rendered":"<p><img loading=\"lazy\" decoding=\"async\" class=\"alignnone wp-image-151 size-full\" style=\"width: 100%;\" src=\"http:\/\/192.168.1.131\/akdassilah\/wp-content\/uploads\/2023\/09\/akdas-misyon.jpg\" alt=\"\" width=\"800\" height=\"200\" srcset=\"https:\/\/www.akdassilah.com\/tr\/wp-content\/uploads\/2023\/09\/akdas-misyon.jpg 800w, https:\/\/www.akdassilah.com\/tr\/wp-content\/uploads\/2023\/09\/akdas-misyon-300x75.jpg 300w, https:\/\/www.akdassilah.com\/tr\/wp-content\/uploads\/2023\/09\/akdas-misyon-768x192.jpg 768w\" sizes=\"auto, (max-width: 800px) 100vw, 800px\" \/><\/p>\n<p>Misyonumuz; uzmanla\u015ft\u0131\u011f\u0131m\u0131z savunma sanayi sekt\u00f6r\u00fcnde, uluslararas\u0131 standartlardan ve kaliteden \u00f6d\u00fcn vermeden, geli\u015fmi\u015f teknoloji kullanarak yerli ve milli imkanlarla \u00fcretti\u011fimiz silah \u00e7e\u015fitleri ve gere\u00e7leri ile \u00f6ncelikle Ordumuzu daha sonra da dost ve m\u00fcttefik unsurlar\u0131, kaliteli ve g\u00fcvenli bir \u00fcretimle bulu\u015fturma yolunda \u00f6nc\u00fc olmakt\u0131r.<\/p>\n","protected":false},"excerpt":{"rendered":"<p>Misyonumuz; uzmanla\u015ft\u0131\u011f\u0131m\u0131z savunma sanayi sekt\u00f6r\u00fcnde, uluslararas\u0131 standartlardan ve kaliteden \u00f6d\u00fcn vermeden, geli\u015fmi\u015f teknoloji kullanarak yerli ve milli imkanlarla \u00fcretti\u011fimiz silah \u00e7e\u015fitleri ve gere\u00e7leri ile \u00f6ncelikle Ordumuzu daha sonra da dost ve m\u00fcttefik unsurlar\u0131, kaliteli ve g\u00fcvenli bir \u00fcretimle bulu\u015fturma yolunda \u00f6nc\u00fc olmakt\u0131r.<\/p>\n","protected":false},"author":1,"featured_media":0,"parent":7,"menu_order":7,"comment_status":"closed","ping_status":"closed","template":"","meta":{"footnotes":""},"class_list":["post-22","page","type-page","status-publish","hentry"],"_links":{"self":[{"href":"https:\/\/www.akdassilah.com\/tr\/wp-json\/wp\/v2\/pages\/22","targetHints":{"allow":["GET"]}}],"collection":[{"href":"https:\/\/www.akdassilah.com\/tr\/wp-json\/wp\/v2\/pages"}],"about":[{"href":"https:\/\/www.akdassilah.com\/tr\/wp-json\/wp\/v2\/types\/page"}],"author":[{"embeddable":true,"href":"https:\/\/www.akdassilah.com\/tr\/wp-json\/wp\/v2\/users\/1"}],"replies":[{"embeddable":true,"href":"https:\/\/www.akdassilah.com\/tr\/wp-json\/wp\/v2\/comments?post=22"}],"version-history":[{"count":2,"href":"https:\/\/www.akdassilah.com\/tr\/wp-json\/wp\/v2\/pages\/22\/revisions"}],"predecessor-version":[{"id":152,"href":"https:\/\/www.akdassilah.com\/tr\/wp-json\/wp\/v2\/pages\/22\/revisions\/152"}],"up":[{"embeddable":true,"href":"https:\/\/www.akdassilah.com\/tr\/wp-json\/wp\/v2\/pages\/7"}],"wp:attachment":[{"href":"https:\/\/www.akdassilah.com\/tr\/wp-json\/wp\/v2\/media?parent=22"}],"curies":[{"name":"wp","href":"https:\/\/api.w.org\/{rel}","templated":true}]}}